{"id":5536,"date":"2019-03-13T11:28:13","date_gmt":"2019-03-13T10:28:13","guid":{"rendered":"http:\/\/www.krakow.szarytki.pl\/?page_id=5536"},"modified":"2019-03-13T11:28:13","modified_gmt":"2019-03-13T10:28:13","slug":"polichromia-3-aniolow","status":"publish","type":"page","link":"https:\/\/www.krakow.szarytki.pl\/?page_id=5536","title":{"rendered":"Polichromia 3 anio\u0142\u00f3w"},"content":{"rendered":"\n<p> <strong>W konsze absydy, <\/strong>na tle gwia\u017adzistego nieba, w\u015br\u00f3d chmur, zosta\u0142a namalowana grupa trzech anio\u0142\u00f3w trzymaj\u0105cych symbole maryjne &#8211; ber\u0142o, koron\u0119 i lili\u0119. Przedstawienie anio\u0142\u00f3w wypada dok\u0142adnie w miejscu ponad figur\u0105 Matki Bo\u017cej z Jezusem wie\u0144cz\u0105cej o\u0142tarz g\u0142\u00f3wny. <\/p>\n\n\n\n<figure class=\"wp-block-image\"><img decoding=\"async\" src=\"https:\/\/www.krakow.szarytki.pl\/wp-content\/uploads\/2019\/03\/DSC_5547.jpg\" alt=\"\" class=\"wp-image-5537\"\/><figcaption>COPYRIGHT BY JAKUB SLIWA<\/figcaption><\/figure>\n\n\n\n<p>W p\u00f3\u0142kolistym polu \u015bciany widnieje inskrypcja \u2013 fragment pozdrowienia anielskiego SANCTA MARIA MATER DEI ORA PRO NOBIS PECCATORIBUS. Napis u\u0142o\u017cony jest wok\u00f3\u0142 namalowanego rewersu Cudownego Medalika.<\/p>\n\n\n\n<figure class=\"wp-block-image\"><img decoding=\"async\" src=\"https:\/\/www.krakow.szarytki.pl\/wp-content\/uploads\/2019\/03\/DSC_5725.jpg\" alt=\"\" class=\"wp-image-5538\"\/><figcaption>COPYRIGHT BY JAKUB SLIWA<\/figcaption><\/figure>\n","protected":false},"excerpt":{"rendered":"<p>W konsze absydy, na tle gwia\u017adzistego nieba, w\u015br\u00f3d chmur, zosta\u0142a namalowana grupa trzech anio\u0142\u00f3w trzymaj\u0105cych symbole maryjne &#8211; ber\u0142o, koron\u0119 i lili\u0119. Przedstawienie anio\u0142\u00f3w wypada dok\u0142adnie<span class=\"excerpt-hellip\"> [\u2026]<\/span><\/p>\n","protected":false},"author":5,"featured_media":0,"parent":0,"menu_order":0,"comment_status":"closed","ping_status":"closed","template":"","meta":{"footnotes":""},"class_list":["post-5536","page","type-page","status-publish","hentry"],"_links":{"self":[{"href":"https:\/\/www.krakow.szarytki.pl\/index.php?rest_route=\/wp\/v2\/pages\/5536","targetHints":{"allow":["GET"]}}],"collection":[{"href":"https:\/\/www.krakow.szarytki.pl\/index.php?rest_route=\/wp\/v2\/pages"}],"about":[{"href":"https:\/\/www.krakow.szarytki.pl\/index.php?rest_route=\/wp\/v2\/types\/page"}],"author":[{"embeddable":true,"href":"https:\/\/www.krakow.szarytki.pl\/index.php?rest_route=\/wp\/v2\/users\/5"}],"replies":[{"embeddable":true,"href":"https:\/\/www.krakow.szarytki.pl\/index.php?rest_route=%2Fwp%2Fv2%2Fcomments&post=5536"}],"version-history":[{"count":0,"href":"https:\/\/www.krakow.szarytki.pl\/index.php?rest_route=\/wp\/v2\/pages\/5536\/revisions"}],"wp:attachment":[{"href":"https:\/\/www.krakow.szarytki.pl\/index.php?rest_route=%2Fwp%2Fv2%2Fmedia&parent=5536"}],"curies":[{"name":"wp","href":"https:\/\/api.w.org\/{rel}","templated":true}]}}